{"id":1616,"date":"2024-05-03T12:59:25","date_gmt":"2024-05-03T10:59:25","guid":{"rendered":"http:\/\/test.hotelite-group.com\/contact\/"},"modified":"2024-06-25T14:54:55","modified_gmt":"2024-06-25T12:54:55","slug":"contact","status":"publish","type":"page","link":"https:\/\/hotelite-group.com\/en\/contact\/","title":{"rendered":"Contact"},"content":{"rendered":"\t\t<div data-elementor-type=\"wp-page\" data-elementor-id=\"1616\" class=\"elementor elementor-1616 elementor-103\">\n\t\t\t\t\t\t<section data-particle_enable=\"false\" data-particle-mobile-disabled=\"false\" class=\"elementor-section elementor-top-section elementor-element elementor-element-6af86b1 elementor-section-stretched elementor-section-full_width elementor-section-height-min-height elementor-section-height-default elementor-section-items-middle\" data-id=\"6af86b1\" data-element_type=\"section\" data-e-type=\"section\" data-settings=\"{&quot;stretch_section&quot;:&quot;section-stretched&quot;,&quot;background_background&quot;:&quot;classic&quot;}\">\n\t\t\t\t\t\t<div class=\"elementor-container elementor-column-gap-no\">\n\t\t\t\t\t<div class=\"elementor-column elementor-col-100 elementor-top-column elementor-element elementor-element-3e7271a elementor-invisible\" data-id=\"3e7271a\" data-element_type=\"column\" data-e-type=\"column\" data-settings=\"{&quot;animation&quot;:&quot;fadeIn&quot;}\">\n\t\t\t<div class=\"elementor-widget-wrap\">\n\t\t\t\t\t\t\t<\/div>\n\t\t<\/div>\n\t\t\t\t\t<\/div>\n\t\t<\/section>\n\t\t\t\t<section data-particle_enable=\"false\" data-particle-mobile-disabled=\"false\" class=\"elementor-section elementor-top-section elementor-element elementor-element-35d244 elementor-section-content-middle elementor-section-boxed elementor-section-height-default elementor-section-height-default\" data-id=\"35d244\" data-element_type=\"section\" data-e-type=\"section\">\n\t\t\t\t\t\t<div class=\"elementor-container elementor-column-gap-no\">\n\t\t\t\t\t<div class=\"elementor-column elementor-col-100 elementor-top-column elementor-element elementor-element-6ea5e10\" data-id=\"6ea5e10\" data-element_type=\"column\" data-e-type=\"column\">\n\t\t\t<div class=\"elementor-widget-wrap elementor-element-populated\">\n\t\t\t\t\t\t<div class=\"elementor-element elementor-element-779ac6b elementor-widget elementor-widget-heading\" data-id=\"779ac6b\" data-element_type=\"widget\" data-e-type=\"widget\" data-widget_type=\"heading.default\">\n\t\t\t\t<div class=\"elementor-widget-container\">\n\t\t\t\t\t<h2 class=\"elementor-heading-title elementor-size-default\">Contact us<\/h2>\t\t\t\t<\/div>\n\t\t\t\t<\/div>\n\t\t\t\t<div class=\"elementor-element elementor-element-3f8aa44 elementor-widget-divider--view-line elementor-widget elementor-widget-divider\" data-id=\"3f8aa44\" data-element_type=\"widget\" data-e-type=\"widget\" data-widget_type=\"divider.default\">\n\t\t\t\t<div class=\"elementor-widget-container\">\n\t\t\t\t\t\t\t<div class=\"elementor-divider\">\n\t\t\t<span class=\"elementor-divider-separator\">\n\t\t\t\t\t\t<\/span>\n\t\t<\/div>\n\t\t\t\t\t\t<\/div>\n\t\t\t\t<\/div>\n\t\t\t\t\t<\/div>\n\t\t<\/div>\n\t\t\t\t\t<\/div>\n\t\t<\/section>\n\t\t<div data-particle_enable=\"false\" data-particle-mobile-disabled=\"false\" class=\"elementor-element elementor-element-6068fc3 e-flex e-con-boxed e-con e-parent\" data-id=\"6068fc3\" data-element_type=\"container\" data-e-type=\"container\">\n\t\t\t\t\t<div class=\"e-con-inner\">\n\t\t<div data-particle_enable=\"false\" data-particle-mobile-disabled=\"false\" class=\"elementor-element elementor-element-537aa62 e-con-full e-flex e-con e-child\" data-id=\"537aa62\" data-element_type=\"container\" data-e-type=\"container\">\n\t\t\t\t<div class=\"elementor-element elementor-element-8b32cbc elementor-view-default elementor-position-block-start elementor-mobile-position-block-start elementor-widget elementor-widget-icon-box\" data-id=\"8b32cbc\" data-element_type=\"widget\" data-e-type=\"widget\" data-widget_type=\"icon-box.default\">\n\t\t\t\t<div class=\"elementor-widget-container\">\n\t\t\t\t\t\t\t<div class=\"elementor-icon-box-wrapper\">\n\n\t\t\t\t\t\t<div class=\"elementor-icon-box-icon\">\n\t\t\t\t<span  class=\"elementor-icon\">\n\t\t\t\t<svg aria-hidden=\"true\" class=\"e-font-icon-svg e-fas-map-pin\" viewBox=\"0 0 288 512\" xmlns=\"http:\/\/www.w3.org\/2000\/svg\"><path d=\"M112 316.94v156.69l22.02 33.02c4.75 7.12 15.22 7.12 19.97 0L176 473.63V316.94c-10.39 1.92-21.06 3.06-32 3.06s-21.61-1.14-32-3.06zM144 0C64.47 0 0 64.47 0 144s64.47 144 144 144 144-64.47 144-144S223.53 0 144 0zm0 76c-37.5 0-68 30.5-68 68 0 6.62-5.38 12-12 12s-12-5.38-12-12c0-50.73 41.28-92 92-92 6.62 0 12 5.38 12 12s-5.38 12-12 12z\"><\/path><\/svg>\t\t\t\t<\/span>\n\t\t\t<\/div>\n\t\t\t\n\t\t\t\t\t\t<div class=\"elementor-icon-box-content\">\n\n\t\t\t\t\t\t\t\t\t<h3 class=\"elementor-icon-box-title\">\n\t\t\t\t\t\t<span  >\n\t\t\t\t\t\t\tHead Office\t\t\t\t\t\t<\/span>\n\t\t\t\t\t<\/h3>\n\t\t\t\t\n\t\t\t\t\t\t\t\t\t<p class=\"elementor-icon-box-description\">\n\t\t\t\t\t\tHotelite Dresden Betriebsgesellschaft mbH<br>\nStrehlener Strasse 14<br>\n01069 Dresden <br>\nGermany\t\t\t\t\t<\/p>\n\t\t\t\t\n\t\t\t<\/div>\n\t\t\t\n\t\t<\/div>\n\t\t\t\t\t\t<\/div>\n\t\t\t\t<\/div>\n\t\t\t\t<\/div>\n\t\t<div data-particle_enable=\"false\" data-particle-mobile-disabled=\"false\" class=\"elementor-element elementor-element-dddec81 e-con-full e-flex e-con e-child\" data-id=\"dddec81\" data-element_type=\"container\" data-e-type=\"container\">\n\t\t\t\t<div class=\"elementor-element elementor-element-255fce4 elementor-view-default elementor-position-block-start elementor-mobile-position-block-start elementor-widget elementor-widget-icon-box\" data-id=\"255fce4\" data-element_type=\"widget\" data-e-type=\"widget\" data-widget_type=\"icon-box.default\">\n\t\t\t\t<div class=\"elementor-widget-container\">\n\t\t\t\t\t\t\t<div class=\"elementor-icon-box-wrapper\">\n\n\t\t\t\t\t\t<div class=\"elementor-icon-box-icon\">\n\t\t\t\t<span  class=\"elementor-icon\">\n\t\t\t\t<svg aria-hidden=\"true\" class=\"e-font-icon-svg e-fas-phone-alt\" viewBox=\"0 0 512 512\" xmlns=\"http:\/\/www.w3.org\/2000\/svg\"><path d=\"M497.39 361.8l-112-48a24 24 0 0 0-28 6.9l-49.6 60.6A370.66 370.66 0 0 1 130.6 204.11l60.6-49.6a23.94 23.94 0 0 0 6.9-28l-48-112A24.16 24.16 0 0 0 122.6.61l-104 24A24 24 0 0 0 0 48c0 256.5 207.9 464 464 464a24 24 0 0 0 23.4-18.6l24-104a24.29 24.29 0 0 0-14.01-27.6z\"><\/path><\/svg>\t\t\t\t<\/span>\n\t\t\t<\/div>\n\t\t\t\n\t\t\t\t\t\t<div class=\"elementor-icon-box-content\">\n\n\t\t\t\t\t\t\t\t\t<h3 class=\"elementor-icon-box-title\">\n\t\t\t\t\t\t<span  >\n\t\t\t\t\t\t\tPhone\t\t\t\t\t\t<\/span>\n\t\t\t\t\t<\/h3>\n\t\t\t\t\n\t\t\t\t\t\t\t\t\t<p class=\"elementor-icon-box-description\">\n\t\t\t\t\t\t+ 49 (0) 173 353 3251\t\t\t\t\t<\/p>\n\t\t\t\t\n\t\t\t<\/div>\n\t\t\t\n\t\t<\/div>\n\t\t\t\t\t\t<\/div>\n\t\t\t\t<\/div>\n\t\t\t\t<\/div>\n\t\t<div data-particle_enable=\"false\" data-particle-mobile-disabled=\"false\" class=\"elementor-element elementor-element-e7f7384 e-con-full e-flex e-con e-child\" data-id=\"e7f7384\" data-element_type=\"container\" data-e-type=\"container\">\n\t\t\t\t<div class=\"elementor-element elementor-element-93c5774 elementor-view-default elementor-position-block-start elementor-mobile-position-block-start elementor-widget elementor-widget-icon-box\" data-id=\"93c5774\" data-element_type=\"widget\" data-e-type=\"widget\" data-widget_type=\"icon-box.default\">\n\t\t\t\t<div class=\"elementor-widget-container\">\n\t\t\t\t\t\t\t<div class=\"elementor-icon-box-wrapper\">\n\n\t\t\t\t\t\t<div class=\"elementor-icon-box-icon\">\n\t\t\t\t<span  class=\"elementor-icon\">\n\t\t\t\t<svg aria-hidden=\"true\" class=\"e-font-icon-svg e-fas-envelope\" viewBox=\"0 0 512 512\" xmlns=\"http:\/\/www.w3.org\/2000\/svg\"><path d=\"M502.3 190.8c3.9-3.1 9.7-.2 9.7 4.7V400c0 26.5-21.5 48-48 48H48c-26.5 0-48-21.5-48-48V195.6c0-5 5.7-7.8 9.7-4.7 22.4 17.4 52.1 39.5 154.1 113.6 21.1 15.4 56.7 47.8 92.2 47.6 35.7.3 72-32.8 92.3-47.6 102-74.1 131.6-96.3 154-113.7zM256 320c23.2.4 56.6-29.2 73.4-41.4 132.7-96.3 142.8-104.7 173.4-128.7 5.8-4.5 9.2-11.5 9.2-18.9v-19c0-26.5-21.5-48-48-48H48C21.5 64 0 85.5 0 112v19c0 7.4 3.4 14.3 9.2 18.9 30.6 23.9 40.7 32.4 173.4 128.7 16.8 12.2 50.2 41.8 73.4 41.4z\"><\/path><\/svg>\t\t\t\t<\/span>\n\t\t\t<\/div>\n\t\t\t\n\t\t\t\t\t\t<div class=\"elementor-icon-box-content\">\n\n\t\t\t\t\t\t\t\t\t<h3 class=\"elementor-icon-box-title\">\n\t\t\t\t\t\t<span  >\n\t\t\t\t\t\t\tEmail\t\t\t\t\t\t<\/span>\n\t\t\t\t\t<\/h3>\n\t\t\t\t\n\t\t\t\t\t\t\t\t\t<p class=\"elementor-icon-box-description\">\n\t\t\t\t\t\tinfo@hotelite-group.com\t\t\t\t\t<\/p>\n\t\t\t\t\n\t\t\t<\/div>\n\t\t\t\n\t\t<\/div>\n\t\t\t\t\t\t<\/div>\n\t\t\t\t<\/div>\n\t\t\t\t<\/div>\n\t\t\t\t\t<\/div>\n\t\t\t\t<\/div>\n\t\t<div data-particle_enable=\"false\" data-particle-mobile-disabled=\"false\" class=\"elementor-element elementor-element-d28bd50 e-flex e-con-boxed e-con e-parent\" data-id=\"d28bd50\" data-element_type=\"container\" data-e-type=\"container\">\n\t\t\t\t\t<div class=\"e-con-inner\">\n\t\t<div data-particle_enable=\"false\" data-particle-mobile-disabled=\"false\" class=\"elementor-element elementor-element-dc1fd23 e-con-full e-flex e-con e-child\" data-id=\"dc1fd23\" data-element_type=\"container\" data-e-type=\"container\">\n\t\t\t\t<div class=\"elementor-element elementor-element-2562e71 elementor-widget elementor-widget-heading\" data-id=\"2562e71\" data-element_type=\"widget\" data-e-type=\"widget\" data-widget_type=\"heading.default\">\n\t\t\t\t<div class=\"elementor-widget-container\">\n\t\t\t\t\t<h2 class=\"elementor-heading-title elementor-size-default\">Do you have a question?<\/h2>\t\t\t\t<\/div>\n\t\t\t\t<\/div>\n\t\t\t\t<div class=\"elementor-element elementor-element-e2dff0c elementor-widget-divider--view-line elementor-widget elementor-widget-divider\" data-id=\"e2dff0c\" data-element_type=\"widget\" data-e-type=\"widget\" data-widget_type=\"divider.default\">\n\t\t\t\t<div class=\"elementor-widget-container\">\n\t\t\t\t\t\t\t<div class=\"elementor-divider\">\n\t\t\t<span class=\"elementor-divider-separator\">\n\t\t\t\t\t\t<\/span>\n\t\t<\/div>\n\t\t\t\t\t\t<\/div>\n\t\t\t\t<\/div>\n\t\t\t\t<div class=\"elementor-element elementor-element-371714f elementor-widget elementor-widget-text-editor\" data-id=\"371714f\" data-element_type=\"widget\" data-e-type=\"widget\" data-widget_type=\"text-editor.default\">\n\t\t\t\t<div class=\"elementor-widget-container\">\n\t\t\t\t\t\t\t\t\t<p>Simply fill in the form and a member of our team will get in touch with you.<\/p>\n\t\t\t\t\t\t\t\t<\/div>\n\t\t\t\t<\/div>\n\t\t\t\t<\/div>\n\t\t<div data-particle_enable=\"false\" data-particle-mobile-disabled=\"false\" class=\"elementor-element elementor-element-cda3915 e-con-full e-flex e-con e-child\" data-id=\"cda3915\" data-element_type=\"container\" data-e-type=\"container\">\n\t\t\t\t<div class=\"elementor-element elementor-element-5bfe768 elementor-widget elementor-widget-shortcode\" data-id=\"5bfe768\" data-element_type=\"widget\" data-e-type=\"widget\" data-widget_type=\"shortcode.default\">\n\t\t\t\t<div class=\"elementor-widget-container\">\n\t\t\t\t\t\t\t<div class=\"elementor-shortcode\"><div id=\"quform-322604\" class=\"quform quform-1 quform-support-page-caching\"><form id=\"quform-form-322604\" class=\"quform-form quform-form-1\" action=\"\/en\/wp-json\/wp\/v2\/pages\/1616#quform-322604\" method=\"post\" enctype=\"multipart\/form-data\" novalidate=\"novalidate\" data-options=\"{&quot;id&quot;:1,&quot;uniqueId&quot;:&quot;322604&quot;,&quot;theme&quot;:&quot;&quot;,&quot;ajax&quot;:true,&quot;logic&quot;:{&quot;logic&quot;:[],&quot;dependents&quot;:[],&quot;elementIds&quot;:[],&quot;dependentElementIds&quot;:[],&quot;animate&quot;:true},&quot;currentPageId&quot;:1,&quot;errorsIcon&quot;:&quot;&quot;,&quot;updateFancybox&quot;:true,&quot;hasPages&quot;:false,&quot;pages&quot;:[1],&quot;pageProgressType&quot;:&quot;numbers&quot;,&quot;tooltipsEnabled&quot;:true,&quot;tooltipClasses&quot;:&quot;qtip-quform-dark qtip-shadow&quot;,&quot;tooltipMy&quot;:&quot;left center&quot;,&quot;tooltipAt&quot;:&quot;right center&quot;,&quot;isRtl&quot;:false,&quot;scrollOffset&quot;:-50,&quot;scrollSpeed&quot;:800}\"><button class=\"quform-default-submit\" name=\"quform_submit\" type=\"submit\" value=\"submit\" aria-hidden=\"true\" tabindex=\"-1\"><\/button><div class=\"quform-form-inner quform-form-inner-1\"><input type=\"hidden\" name=\"quform_form_id\" value=\"1\" \/><input type=\"hidden\" name=\"quform_form_uid\" value=\"322604\" \/><input type=\"hidden\" name=\"quform_count\" value=\"1\" \/><input type=\"hidden\" name=\"form_url\" value=\"https:\/\/hotelite-group.com\/en\/wp-json\/wp\/v2\/pages\/1616\" \/><input type=\"hidden\" name=\"referring_url\" value=\"\" \/><input type=\"hidden\" name=\"post_id\" value=\"\" \/><input type=\"hidden\" name=\"post_title\" value=\"\" \/><input type=\"hidden\" name=\"quform_current_page_id\" value=\"1\" \/><input type=\"hidden\" name=\"quform_loaded\" value=\"1778976790|ac03ed3c3e8ffd3507cbe1ea7abf4729\" \/><input type=\"hidden\" name=\"quform_csrf_token\" value=\"x8QpLZ6xmjKoiMa4AMDoERZytNZxmDyy7O2RATCb\" \/><div class=\"quform-elements quform-elements-1 quform-cf quform-responsive-elements-phone-landscape\"><div class=\"quform-element quform-element-page quform-page-1 quform-page-1_1 quform-cf quform-group-style-plain quform-first-page quform-last-page quform-current-page\"><div class=\"quform-child-elements\"><div class=\"quform-element quform-element-textarea quform-element-1_641379 quform-sr-only quform-cf\" style=\"clip: rect(1px, 1px, 1px, 1px); clip-path: inset(50%); position: absolute !important; height: 1px; width: 1px; overflow: hidden;\"><div class=\"quform-spacer\"><div class=\"quform-label quform-label-1_641379\"><label class=\"quform-label-text\" for=\"quform_1_641379_322604\">Your Website<span class=\"quform-required\">*<\/span><\/label><\/div><div class=\"quform-inner quform-inner-1_641379\"><textarea id=\"quform_1_641379_322604\" name=\"quform_1_641379\" class=\"quform-field quform-field-textarea quform-field-1_641379\" tabindex=\"-1\" autocomplete=\"new-password\"><\/textarea><\/div><\/div><\/div><div class=\"quform-element quform-element-row quform-element-row-1_5 quform-2-columns quform-element-row-size-fixed quform-responsive-columns-phone-landscape\"><div class=\"quform-element quform-element-column quform-element-1_6\"><div class=\"quform-element quform-element-name quform-element-1_3 quform-cf quform-element-required\"><div class=\"quform-spacer\"><div class=\"quform-label quform-label-1_3\"><label class=\"quform-label-text\" id=\"quform_1_3_322604_label\">First name<span class=\"quform-required\">*<\/span><\/label><\/div><div class=\"quform-inner quform-inner-name quform-inner-1_3\"><div class=\"quform-input quform-input-name quform-input-1_3 quform-cf\"><div class=\"quform-element-row quform-1-columns quform-element-row-size-fixed quform-responsive-columns-phone-landscape\"><div class=\"quform-element-column\"><div class=\"quform-element quform-element-text quform-element-1_3_2 quform-cf quform-element-required\"><div class=\"quform-spacer\"><div class=\"quform-inner quform-inner-text quform-inner-1_3_2\"><div class=\"quform-input quform-input-text quform-input-1_3_2 quform-cf\"><input type=\"text\" id=\"quform_1_3_2_322604\" name=\"quform_1_3[2]\" class=\"quform-field quform-field-text quform-field-1_3_2\" aria-labelledby=\"quform_1_3_322604_label\" \/><\/div><\/div><\/div><\/div><\/div><\/div><\/div><\/div><\/div><\/div><\/div><div class=\"quform-element quform-element-column quform-element-1_7\"><div class=\"quform-element quform-element-name quform-element-1_4 quform-cf quform-element-required\"><div class=\"quform-spacer\"><div class=\"quform-label quform-label-1_4\"><label class=\"quform-label-text\" id=\"quform_1_4_322604_label\">Last name<span class=\"quform-required\">*<\/span><\/label><\/div><div class=\"quform-inner quform-inner-name quform-inner-1_4\"><div class=\"quform-input quform-input-name quform-input-1_4 quform-cf\"><div class=\"quform-element-row quform-1-columns quform-element-row-size-fixed quform-responsive-columns-phone-landscape\"><div class=\"quform-element-column\"><div class=\"quform-element quform-element-text quform-element-1_4_4 quform-cf quform-element-required\"><div class=\"quform-spacer\"><div class=\"quform-inner quform-inner-text quform-inner-1_4_4\"><div class=\"quform-input quform-input-text quform-input-1_4_4 quform-cf\"><input type=\"text\" id=\"quform_1_4_4_322604\" name=\"quform_1_4[4]\" class=\"quform-field quform-field-text quform-field-1_4_4\" aria-labelledby=\"quform_1_4_322604_label\" \/><\/div><\/div><\/div><\/div><\/div><\/div><\/div><\/div><\/div><\/div><\/div><\/div><div class=\"quform-element quform-element-row quform-element-row-1_8 quform-2-columns quform-element-row-size-fixed quform-responsive-columns-phone-landscape\"><div class=\"quform-element quform-element-column quform-element-1_9\"><div class=\"quform-element quform-element-email quform-element-1_11 quform-cf quform-element-required\"><div class=\"quform-spacer\"><div class=\"quform-label quform-label-1_11\"><label class=\"quform-label-text\" for=\"quform_1_11_322604\">Email-address<span class=\"quform-required\">*<\/span><\/label><\/div><div class=\"quform-inner quform-inner-email quform-inner-1_11\"><div class=\"quform-input quform-input-email quform-input-1_11 quform-cf\"><input type=\"email\" id=\"quform_1_11_322604\" name=\"quform_1_11\" class=\"quform-field quform-field-email quform-field-1_11\" \/><\/div><\/div><\/div><\/div><\/div><div class=\"quform-element quform-element-column quform-element-1_10\"><div class=\"quform-element quform-element-text quform-element-1_12 quform-cf quform-element-optional\"><div class=\"quform-spacer\"><div class=\"quform-label quform-label-1_12\"><label class=\"quform-label-text\" for=\"quform_1_12_322604\">Phone number<\/label><\/div><div class=\"quform-inner quform-inner-text quform-inner-1_12\"><div class=\"quform-input quform-input-text quform-input-1_12 quform-cf\"><input type=\"text\" id=\"quform_1_12_322604\" name=\"quform_1_12\" class=\"quform-field quform-field-text quform-field-1_12\" \/><\/div><\/div><\/div><\/div><\/div><\/div><div class=\"quform-element quform-element-select quform-element-1_13 quform-cf quform-element-required\"><div class=\"quform-spacer\"><div class=\"quform-label quform-label-1_13\"><label class=\"quform-label-text\" for=\"quform_1_13_322604\">Please select the reason for contacting us<span class=\"quform-required\">*<\/span><\/label><\/div><div class=\"quform-inner quform-inner-select quform-inner-1_13\"><div class=\"quform-input quform-input-select quform-input-1_13 quform-cf\"><select id=\"quform_1_13_322604\" name=\"quform_1_13\" class=\"quform-field quform-field-select quform-field-1_13\"><option value=\"\" selected=\"selected\">Please select<\/option><option value=\"Zimmerreservierung\">Room reservation<\/option><option value=\"Meeting &amp; Event\">Meeting &amp;amp; Event<\/option><option value=\"Generell\">General<\/option><option value=\"Sonstiges\">Other<\/option><\/select><\/div><\/div><\/div><\/div><div class=\"quform-element quform-element-textarea quform-element-1_14 quform-cf quform-element-required\"><div class=\"quform-spacer\"><div class=\"quform-label quform-label-1_14\"><label class=\"quform-label-text\" for=\"quform_1_14_322604\">Your message<span class=\"quform-required\">*<\/span><\/label><\/div><div class=\"quform-inner quform-inner-textarea quform-inner-1_14\"><div class=\"quform-input quform-input-textarea quform-input-1_14 quform-cf\"><textarea id=\"quform_1_14_322604\" name=\"quform_1_14\" class=\"quform-field quform-field-textarea quform-field-1_14\"><\/textarea><\/div><\/div><\/div><\/div><div class=\"quform-element quform-element-checkbox quform-element-1_15 quform-cf quform-element-required\"><div class=\"quform-spacer\"><div class=\"quform-label quform-label-1_15\"><label class=\"quform-label-text\" id=\"quform_1_15_322604_label\">Consent to data protection<span class=\"quform-required\">*<\/span><\/label><\/div><div class=\"quform-inner quform-inner-checkbox quform-inner-1_15\"><div class=\"quform-input quform-input-checkbox quform-input-1_15 quform-cf\"><div class=\"quform-options quform-cf quform-options-block quform-options-simple\" role=\"group\" aria-labelledby=\"quform_1_15_322604_label\"><div class=\"quform-option\"><input type=\"checkbox\" name=\"quform_1_15[]\" id=\"quform_1_15_322604_1\" class=\"quform-field quform-field-checkbox quform-field-1_15 quform-field-1_15_1\" value=\"Ich stimme zu, dass meine Angaben aus dem Kontaktformular zur Beantwortung meiner Anfrage erhoben und verarbeitet werden. Die Daten werden nach abgeschlossener Bearbeitung Ihrer Anfrage gel\u00f6scht. Hinweis: Sie k\u00f6nnen Ihre Einwilligung jederzeit f\u00fcr die Zukunft per E-Mail an info@hotelite-group.com widerrufen. Detaillierte Informationen zum Umgang mit Nutzerdaten finden Sie in unserer &lt;a href=&quot;https:\/\/hotelite-group.com\/datenschutz&quot;&gt;Datenschutzerkl\u00e4rung&lt;\/a&gt;.\" \/><label for=\"quform_1_15_322604_1\" class=\"quform-option-label quform-option-label-1_15_1\"><span class=\"quform-option-text\">I agree that my details from the contact form will be collected and processed to answer my enquiry. The data will be deleted after your enquiry has been processed. Note: You can revoke your consent at any time for the future by sending an email to info@hotelite-group.com. You can find detailed information on the handling of user data in our  <a href=\"https:\/\/hotelite-group.com\/en\/privacy-policy\/\">Privacy Policy<\/a>.<\/span><\/label><\/div><\/div><\/div><\/div><\/div><\/div><div class=\"quform-element quform-element-captcha quform-element-1_16 quform-cf quform-element-required\"><div class=\"quform-spacer\"><div class=\"quform-label quform-label-1_16\"><label class=\"quform-label-text\" for=\"quform_1_16_322604\">Please enter the following signs:<span class=\"quform-required\">*<\/span><\/label><\/div><div class=\"quform-inner quform-inner-captcha quform-inner-1_16\"><div class=\"quform-input quform-input-captcha quform-input-1_16 quform-cf\"><input type=\"text\" id=\"quform_1_16_322604\" name=\"quform_1_16\" class=\"quform-field quform-field-captcha quform-field-1_16\" \/><\/div><div class=\"quform-captcha quform-cf\"><div class=\"quform-captcha-image quform-captcha-image-1_16\"><img decoding=\"async\" class=\"quform-captcha-image-img\" src=\"data:image\/png;base64,iVBORw0KGgoAAAANSUhEUgAAAOYAAABQBAMAAAD\/1xTgAAAAG1BMVEX\/\/\/8iIiLj4+OQkJDHx8d0dHQ9PT1ZWVmsrKzxWpqMAAAACXBIWXMAAA7EAAAOxAGVKw4bAAADcUlEQVRoge1XS1PUQBAOs7O7OdrIZjkmhQJHoytw3AgIR6KWeCQoj6OB4nHc9UH5s+155rFrZthYlof5DmwSOvP1dH\/d0\/E8BwcHBwcHBweH\/w309e3Fy39LuZYB4p2V6d35zeQvUHaAIwjNpgdg7V0zcsEJX229g6O2lH1c5NPhFsCKtXfDsCVnzP0mOQxMll2ku3+zm9mEpBEEYJX9JjA0mU4Bvng8wk\/bcfrS6wgCkyluMJTcYStO9PqFWMgUW19GhCmgnYo6YgGSyQX\/DEznCb+gAE9acaL3y\/jzYBZGT2\/PRuONQDG+\/45VYEznkswCS2xLEU1l0cG1mXOiOI111QzVXAAuS09386De9QtOMNfVPKyN9OWBJj2qPhtXX9H5pItxPi+VGOoxGHk0LZW62Pty9Z2O0m13IU6alXaRiphRVfLezwEW66+0vjB2LJHGCBbJZ1qKHLp\/yi8Sma8tcbCRmeCmQrhYygvodoNFTt1Eau2+WLKvwhrXu806+vKNl7Kxf8zA5+eRupuqS9mRunAhLqJ6t2EbhItsTqrNwBidFdFJ1aXsvGRE1Ibru9nQCj+RT+irndCGEkM06BbdS3N2df3lnNOvicjfCR9qVcV0N7AgxcgG46UibrFauqfrJ+a9l1SPLIzsqbefQ3CdaHXFYJfblA1RSaGPqVqhKI5I5CtV\/VW5xP5P2PNAu3+9PSPvWazzHpeqMPKWxmulWyijr0aHk9KLS0p3VJdKxOyqVvNAxASVVdsQtlY25ig\/ZCZ7sLJ\/VeZcVV6LgsbQTpixScQYjuEopOWTi4n\/nP0pCl1kknXAouH0pVpxWtPnC1slNR+mvMscl5vXutRiMNaPRCbXKgLxpcVbXduEeUlsinWXT6klhZNUUJYEw3PEqvFzYcam2+HOHmpGhZYyj4jd5MlSB0HxBUA+4v3ZuGTRg2U6wUL4UH5NdwT1lcE5vYOz0LMAiaF6NDzbG1cMOjDMBslwUn0tlpxaV49q9THcNdpT5hMJ665u1caJnO344cqzQgZjOm6gzKvp1dg8vr0pBgxM+xW6Z7NZf0SLk2wu2KHc4JIGFtNNZjV3JmCaLRK4t1jHkxmeF5A6ImbY+Cnfsf3QZ0PUpdkMpcBKjH9htQc5\/GFpSbcXnFBbYTN99ETj4ODg4ODg4ODwKPwGluV\/uIALZ+wAAAAASUVORK5CYII=\" alt=\"CAPTCHA image\" data-element-id=\"16\" width=\"115\" height=\"40\" \/><\/div><\/div><\/div><\/div><\/div><div class=\"quform-element quform-element-submit quform-element-1_2 quform-cf quform-button-style-bootstrap\"><div class=\"quform-button-submit quform-button-submit-default quform-button-submit-1_2\"><button name=\"quform_submit\" type=\"submit\" class=\"quform-submit\" value=\"submit\"><span class=\"quform-button-text quform-button-submit-text\">Send<\/span><\/button><\/div><div class=\"quform-loading quform-loading-position-left quform-loading-type-spinner-1\"><div class=\"quform-loading-inner\"><div class=\"quform-loading-spinner\"><div class=\"quform-loading-spinner-inner\"><\/div><\/div><\/div><\/div><\/div><\/div><\/div><\/div><\/div><\/form><\/div><\/div>\n\t\t\t\t\t\t<\/div>\n\t\t\t\t<\/div>\n\t\t\t\t<\/div>\n\t\t\t\t\t<\/div>\n\t\t\t\t<\/div>\n\t\t\t\t<\/div>\n\t\t","protected":false},"excerpt":{"rendered":"<p>Contact us Head Office Hotelite Dresden Betriebsgesellschaft mbH Strehlener Strasse 14 01069 Dresden Germany Phone + 49 (0) 173 353 3251 Email info@hotelite-group.com Do you have a question? Simply fill in the form and a member of our team will get in touch with you.<\/p>\n","protected":false},"author":1,"featured_media":0,"parent":0,"menu_order":0,"comment_status":"closed","ping_status":"closed","template":"elementor_header_footer","meta":{"footnotes":""},"class_list":["post-1616","page","type-page","status-publish","hentry","wpbf-post"],"_links":{"self":[{"href":"https:\/\/hotelite-group.com\/en\/wp-json\/wp\/v2\/pages\/1616","targetHints":{"allow":["GET"]}}],"collection":[{"href":"https:\/\/hotelite-group.com\/en\/wp-json\/wp\/v2\/pages"}],"about":[{"href":"https:\/\/hotelite-group.com\/en\/wp-json\/wp\/v2\/types\/page"}],"author":[{"embeddable":true,"href":"https:\/\/hotelite-group.com\/en\/wp-json\/wp\/v2\/users\/1"}],"replies":[{"embeddable":true,"href":"https:\/\/hotelite-group.com\/en\/wp-json\/wp\/v2\/comments?post=1616"}],"version-history":[{"count":56,"href":"https:\/\/hotelite-group.com\/en\/wp-json\/wp\/v2\/pages\/1616\/revisions"}],"predecessor-version":[{"id":2590,"href":"https:\/\/hotelite-group.com\/en\/wp-json\/wp\/v2\/pages\/1616\/revisions\/2590"}],"wp:attachment":[{"href":"https:\/\/hotelite-group.com\/en\/wp-json\/wp\/v2\/media?parent=1616"}],"curies":[{"name":"wp","href":"https:\/\/api.w.org\/{rel}","templated":true}]}}